{"id":105,"date":"2023-08-31T13:43:21","date_gmt":"2023-08-31T11:43:21","guid":{"rendered":"https:\/\/exactgeomark.ee\/?page_id=105"},"modified":"2024-01-24T17:23:42","modified_gmt":"2024-01-24T15:23:42","slug":"toopakkumised","status":"publish","type":"page","link":"https:\/\/exactgeomark.ee\/eng\/toopakkumised\/","title":{"rendered":"Open Positions"},"content":{"rendered":"<div data-elementor-type=\"wp-page\" data-elementor-id=\"105\" class=\"elementor elementor-105\">\n\t\t\t\t\t\t<section class=\"elementor-section elementor-top-section elementor-element elementor-element-e31262e elementor-section-full_width elementor-section-height-default elementor-section-height-default\" data-id=\"e31262e\" data-element_type=\"section\" data-e-type=\"section\">\n\t\t\t\t\t\t<div class=\"elementor-container elementor-column-gap-default\">\n\t\t\t\t\t<div class=\"elementor-column elementor-col-100 elementor-top-column elementor-element elementor-element-c0abf82\" data-id=\"c0abf82\" data-element_type=\"column\" data-e-type=\"column\">\n\t\t\t<div class=\"elementor-widget-wrap elementor-element-populated\">\n\t\t\t\t\t\t<div class=\"elementor-element elementor-element-24da20e elementor-widget__width-inherit elementor-widget elementor-widget-image\" data-id=\"24da20e\" data-element_type=\"widget\" data-e-type=\"widget\" data-widget_type=\"image.default\">\n\t\t\t\t\t\t\t\t\t\t\t\t\t\t\t<img fetchpriority=\"high\" decoding=\"async\" width=\"1920\" height=\"1280\" src=\"https:\/\/exactgeomark.ee\/wp-content\/uploads\/2023\/08\/Exact_Infrastructure_01.jpg\" class=\"attachment-2048x2048 size-2048x2048 wp-image-135\" alt=\"\" srcset=\"https:\/\/exactgeomark.ee\/wp-content\/uploads\/2023\/08\/Exact_Infrastructure_01.jpg 1920w, https:\/\/exactgeomark.ee\/wp-content\/uploads\/2023\/08\/Exact_Infrastructure_01-300x200.jpg 300w, https:\/\/exactgeomark.ee\/wp-content\/uploads\/2023\/08\/Exact_Infrastructure_01-1024x683.jpg 1024w, https:\/\/exactgeomark.ee\/wp-content\/uploads\/2023\/08\/Exact_Infrastructure_01-768x512.jpg 768w, https:\/\/exactgeomark.ee\/wp-content\/uploads\/2023\/08\/Exact_Infrastructure_01-1536x1024.jpg 1536w\" sizes=\"(max-width: 1920px) 100vw, 1920px\" \/>\t\t\t\t\t\t\t\t\t\t\t\t\t\t\t<\/div>\n\t\t\t\t\t<\/div>\n\t\t<\/div>\n\t\t\t\t\t<\/div>\n\t\t<\/section>\n\t\t\t\t<section class=\"elementor-section elementor-top-section elementor-element elementor-element-faf06ee elementor-section-boxed elementor-section-height-default elementor-section-height-default\" data-id=\"faf06ee\" data-element_type=\"section\" data-e-type=\"section\">\n\t\t\t\t\t\t<div class=\"elementor-container elementor-column-gap-default\">\n\t\t\t\t\t<div class=\"elementor-column elementor-col-100 elementor-top-column elementor-element elementor-element-db90a26\" data-id=\"db90a26\" data-element_type=\"column\" data-e-type=\"column\">\n\t\t\t<div class=\"elementor-widget-wrap elementor-element-populated\">\n\t\t\t\t\t\t<div class=\"elementor-element elementor-element-170b74a elementor-widget__width-inherit elementor-widget elementor-widget-heading\" data-id=\"170b74a\" data-element_type=\"widget\" data-e-type=\"widget\" data-widget_type=\"heading.default\">\n\t\t\t\t\t<h2 class=\"elementor-heading-title elementor-size-default\">Open Positions<\/h2>\t\t\t\t<\/div>\n\t\t\t\t\t<\/div>\n\t\t<\/div>\n\t\t\t\t\t<\/div>\n\t\t<\/section>\n\t\t\t\t<section class=\"elementor-section elementor-top-section elementor-element elementor-element-5e5e057 elementor-section-boxed elementor-section-height-default elementor-section-height-default\" data-id=\"5e5e057\" data-element_type=\"section\" data-e-type=\"section\">\n\t\t\t\t\t\t<div class=\"elementor-container elementor-column-gap-default\">\n\t\t\t\t\t<div class=\"elementor-column elementor-col-100 elementor-top-column elementor-element elementor-element-4e756f3\" data-id=\"4e756f3\" data-element_type=\"column\" data-e-type=\"column\">\n\t\t\t<div class=\"elementor-widget-wrap elementor-element-populated\">\n\t\t\t\t\t\t<div class=\"elementor-element elementor-element-2e8ef65 elementor-widget-divider--separator-type-pattern elementor-widget-divider--view-line elementor-widget elementor-widget-divider\" data-id=\"2e8ef65\" data-element_type=\"widget\" data-e-type=\"widget\" data-widget_type=\"divider.default\">\n\t\t\t\t\t\t\t<div class=\"elementor-divider\" style=\"--divider-pattern-url: url(&quot;data:image\/svg+xml,%3Csvg xmlns=&#039;http:\/\/www.w3.org\/2000\/svg&#039; preserveAspectRatio=&#039;none&#039; overflow=&#039;visible&#039; height=&#039;100%&#039; viewBox=&#039;0 0 20 16&#039; fill=&#039;none&#039; stroke=&#039;black&#039; stroke-width=&#039;1&#039; stroke-linecap=&#039;square&#039; stroke-miterlimit=&#039;10&#039;%3E%3Cg transform=&#039;translate(-12.000000, 0)&#039;%3E%3Cpath d=&#039;M28,0L10,18&#039;\/%3E%3Cpath d=&#039;M18,0L0,18&#039;\/%3E%3Cpath d=&#039;M48,0L30,18&#039;\/%3E%3Cpath d=&#039;M38,0L20,18&#039;\/%3E%3C\/g%3E%3C\/svg%3E&quot;);\">\n\t\t\t<span class=\"elementor-divider-separator\">\n\t\t\t\t\t\t<\/span>\n\t\t<\/div>\n\t\t\t\t\t\t<\/div>\n\t\t\t\t\t<\/div>\n\t\t<\/div>\n\t\t\t\t\t<\/div>\n\t\t<\/section>\n\t\t\t\t<section class=\"elementor-section elementor-top-section elementor-element elementor-element-f963de7 elementor-section-boxed elementor-section-height-default elementor-section-height-default\" data-id=\"f963de7\" data-element_type=\"section\" data-e-type=\"section\">\n\t\t\t\t\t\t<div class=\"elementor-container elementor-column-gap-default\">\n\t\t\t\t\t<div class=\"elementor-column elementor-col-100 elementor-top-column elementor-element elementor-element-8dc1e74\" data-id=\"8dc1e74\" data-element_type=\"column\" data-e-type=\"column\">\n\t\t\t<div class=\"elementor-widget-wrap elementor-element-populated\">\n\t\t\t\t\t\t<div class=\"elementor-element elementor-element-3706bb7 elementor-widget__width-inherit elementor-widget elementor-widget-heading\" data-id=\"3706bb7\" data-element_type=\"widget\" data-e-type=\"widget\" data-widget_type=\"heading.default\">\n\t\t\t\t\t<h2 class=\"elementor-heading-title elementor-size-default\">AS EXACT Geomark is hiring: LASER SCANNING SPECIALIST<\/h2>\t\t\t\t<\/div>\n\t\t\t\t\t<\/div>\n\t\t<\/div>\n\t\t\t\t\t<\/div>\n\t\t<\/section>\n\t\t\t\t<section class=\"elementor-section elementor-top-section elementor-element elementor-element-7406eed elementor-section-boxed elementor-section-height-default elementor-section-height-default\" data-id=\"7406eed\" data-element_type=\"section\" data-e-type=\"section\">\n\t\t\t\t\t\t<div class=\"elementor-container elementor-column-gap-default\">\n\t\t\t\t\t<div class=\"elementor-column elementor-col-50 elementor-top-column elementor-element elementor-element-558ebe3\" data-id=\"558ebe3\" data-element_type=\"column\" data-e-type=\"column\">\n\t\t\t<div class=\"elementor-widget-wrap elementor-element-populated\">\n\t\t\t\t\t\t<div class=\"elementor-element elementor-element-cb1fb50 elementor-widget elementor-widget-text-editor\" data-id=\"cb1fb50\" data-element_type=\"widget\" data-e-type=\"widget\" data-widget_type=\"text-editor.default\">\n\t\t\t\t\t\t\t\t\t<p style=\"text-align: left;\"><strong><span style=\"font-style: inherit; background-color: var(--ast-global-color-5); color: var(--ast-global-color-3);\">Work assignments:<\/span><\/strong><\/p>\n<ul style=\"text-align: left;\">\n<li>laser scanning<\/li>\n<li>geodetic measurements<\/li>\n<li>constructional measurements<\/li>\n<li>data post-processing<\/li>\n<\/ul>\n<p style=\"text-align: left;\"><strong>Requirements for the candidate:<\/strong><\/p>\n<ul>\n<li style=\"text-align: left;\">professional education or work experience<\/li>\n<li style=\"text-align: left;\">English skills<\/li>\n<li style=\"text-align: left;\">working abroad<\/li>\n<li style=\"text-align: left;\">communication skills<\/li>\n<li style=\"text-align: left;\">driving license<\/li>\n<\/ul>\t\t\t\t\t\t\t\t<\/div>\n\t\t\t\t\t<\/div>\n\t\t<\/div>\n\t\t\t\t<div class=\"elementor-column elementor-col-50 elementor-top-column elementor-element elementor-element-67cc0f8\" data-id=\"67cc0f8\" data-element_type=\"column\" data-e-type=\"column\">\n\t\t\t<div class=\"elementor-widget-wrap elementor-element-populated\">\n\t\t\t\t\t\t<div class=\"elementor-element elementor-element-5005256 elementor-widget elementor-widget-text-editor\" data-id=\"5005256\" data-element_type=\"widget\" data-e-type=\"widget\" data-widget_type=\"text-editor.default\">\n\t\t\t\t\t\t\t\t\t<p style=\"text-align: left;\"><strong>Useful skills:<\/strong><\/p><ul style=\"text-align: left;\"><li>Finnish skills<\/li><li>Swedish skills<\/li><li>Norwegian skills<\/li><li>computer work experience (CAD)<\/li><\/ul><p style=\"text-align: left;\"><strong>We offer:<\/strong><\/p><ul><li style=\"text-align: left;\">interesting professional work in an international company<\/li><li style=\"text-align: left;\">modern working equipment<\/li><li style=\"text-align: left;\">stable and higher than average salary<\/li><\/ul><p style=\"text-align: left;\"><strong>Needed language skills:<\/strong> Estonian, English<br \/><strong>Needed working experience:<\/strong> 0-2 years<br \/><strong>Working hours:<\/strong> Full time<br \/><strong>Location:<\/strong> Estonia, Finland, Sweden, Norway<\/p>\t\t\t\t\t\t\t\t<\/div>\n\t\t\t\t\t<\/div>\n\t\t<\/div>\n\t\t\t\t\t<\/div>\n\t\t<\/section>\n\t\t\t\t<section class=\"elementor-section elementor-top-section elementor-element elementor-element-d0ab645 elementor-section-boxed elementor-section-height-default elementor-section-height-default\" data-id=\"d0ab645\" data-element_type=\"section\" data-e-type=\"section\">\n\t\t\t\t\t\t<div class=\"elementor-container elementor-column-gap-default\">\n\t\t\t\t\t<div class=\"elementor-column elementor-col-100 elementor-top-column elementor-element elementor-element-9bd4021\" data-id=\"9bd4021\" data-element_type=\"column\" data-e-type=\"column\">\n\t\t\t<div class=\"elementor-widget-wrap elementor-element-populated\">\n\t\t\t\t\t\t<div class=\"elementor-element elementor-element-0e8da68 elementor-widget elementor-widget-text-editor\" data-id=\"0e8da68\" data-element_type=\"widget\" data-e-type=\"widget\" data-widget_type=\"text-editor.default\">\n\t\t\t\t\t\t\t\t\t<p style=\"text-align: center;\"><strong>Contact: <\/strong>Margus Vinkel, CEO, +372 511 6616<\/p>\t\t\t\t\t\t\t\t<\/div>\n\t\t\t\t\t<\/div>\n\t\t<\/div>\n\t\t\t\t\t<\/div>\n\t\t<\/section>\n\t\t\t\t<\/div>","protected":false},"excerpt":{"rendered":"<p>T\u00d6\u00d6PAKKUMISED AS EXACT Geomark v\u00f5tab t\u00f6\u00f6le: LASERSKANEERIMISE SPETSIALIST T\u00f6\u00f6\u00fclesanded: laserskaneerimine geodeetilised m\u00f5\u00f5tmised hoonete m\u00f5\u00f5tmised v\u00e4liandmete j\u00e4relt\u00f6\u00f6tlus N\u00f5udmised kandidaadile: erialane haridus v\u00f5i sarnane t\u00f6\u00f6kogemus Inglise keele oskus valmisolek viibida l\u00e4hetuses suhtlemisoskus autojuhiload Kasuks tuleb: Soome keele oskus Rootsi keele oskus Norra keele oskus arvutit\u00f6\u00f6 kogemus (CAD) Omalt poolt pakume: huvitavat erialast t\u00f6\u00f6d rahvusvahelises ettev\u00f5ttes kaasaegseid t\u00f6\u00f6vahendeid [&hellip;]<\/p>\n","protected":false},"author":1,"featured_media":0,"parent":0,"menu_order":0,"comment_status":"closed","ping_status":"closed","template":"","meta":{"site-sidebar-layout":"no-sidebar","site-content-layout":"","ast-site-content-layout":"full-width-container","site-content-style":"default","site-sidebar-style":"default","ast-global-header-display":"","ast-banner-title-visibility":"","ast-main-header-display":"","ast-hfb-above-header-display":"","ast-hfb-below-header-display":"","ast-hfb-mobile-header-display":"","site-post-title":"disabled","ast-breadcrumbs-content":"","ast-featured-img":"disabled","footer-sml-layout":"","ast-disable-related-posts":"","theme-transparent-header-meta":"","adv-header-id-meta":"","stick-header-meta":"","header-above-stick-meta":"","header-main-stick-meta":"","header-below-stick-meta":"","astra-migrate-meta-layouts":"default","ast-page-background-enabled":"default","ast-page-background-meta":{"desktop":{"background-color":"var(--ast-global-color-4)","background-image":"","background-repeat":"repeat","background-position":"center center","background-size":"auto","background-attachment":"scroll","background-type":"","background-media":"","overlay-type":"","overlay-color":"","overlay-opacity":"","overlay-gradient":""},"tablet":{"background-color":"","background-image":"","background-repeat":"repeat","background-position":"center center","background-size":"auto","background-attachment":"scroll","background-type":"","background-media":"","overlay-type":"","overlay-color":"","overlay-opacity":"","overlay-gradient":""},"mobile":{"background-color":"","background-image":"","background-repeat":"repeat","background-position":"center center","background-size":"auto","background-attachment":"scroll","background-type":"","background-media":"","overlay-type":"","overlay-color":"","overlay-opacity":"","overlay-gradient":""}},"ast-content-background-meta":{"desktop":{"background-color":"var(--ast-global-color-5)","background-image":"","background-repeat":"repeat","background-position":"center center","background-size":"auto","background-attachment":"scroll","background-type":"","background-media":"","overlay-type":"","overlay-color":"","overlay-opacity":"","overlay-gradient":""},"tablet":{"background-color":"var(--ast-global-color-5)","background-image":"","background-repeat":"repeat","background-position":"center center","background-size":"auto","background-attachment":"scroll","background-type":"","background-media":"","overlay-type":"","overlay-color":"","overlay-opacity":"","overlay-gradient":""},"mobile":{"background-color":"var(--ast-global-color-5)","background-image":"","background-repeat":"repeat","background-position":"center center","background-size":"auto","background-attachment":"scroll","background-type":"","background-media":"","overlay-type":"","overlay-color":"","overlay-opacity":"","overlay-gradient":""}},"footnotes":""},"class_list":["post-105","page","type-page","status-publish","hentry"],"_links":{"self":[{"href":"https:\/\/exactgeomark.ee\/eng\/wp-json\/wp\/v2\/pages\/105","targetHints":{"allow":["GET"]}}],"collection":[{"href":"https:\/\/exactgeomark.ee\/eng\/wp-json\/wp\/v2\/pages"}],"about":[{"href":"https:\/\/exactgeomark.ee\/eng\/wp-json\/wp\/v2\/types\/page"}],"author":[{"embeddable":true,"href":"https:\/\/exactgeomark.ee\/eng\/wp-json\/wp\/v2\/users\/1"}],"replies":[{"embeddable":true,"href":"https:\/\/exactgeomark.ee\/eng\/wp-json\/wp\/v2\/comments?post=105"}],"version-history":[{"count":46,"href":"https:\/\/exactgeomark.ee\/eng\/wp-json\/wp\/v2\/pages\/105\/revisions"}],"predecessor-version":[{"id":798,"href":"https:\/\/exactgeomark.ee\/eng\/wp-json\/wp\/v2\/pages\/105\/revisions\/798"}],"wp:attachment":[{"href":"https:\/\/exactgeomark.ee\/eng\/wp-json\/wp\/v2\/media?parent=105"}],"curies":[{"name":"wp","href":"https:\/\/api.w.org\/{rel}","templated":true}]}}