{"id":131,"date":"2023-08-31T14:37:36","date_gmt":"2023-08-31T12:37:36","guid":{"rendered":"https:\/\/exactgeomark.ee\/?page_id=131"},"modified":"2024-01-24T11:19:25","modified_gmt":"2024-01-24T09:19:25","slug":"home","status":"publish","type":"page","link":"https:\/\/exactgeomark.ee\/eng\/","title":{"rendered":"Esileht"},"content":{"rendered":"<div data-elementor-type=\"wp-page\" data-elementor-id=\"131\" class=\"elementor elementor-131\">\n\t\t\t\t\t\t<section class=\"elementor-section elementor-top-section elementor-element elementor-element-c665697 elementor-section-full_width elementor-section-stretched elementor-section-height-default elementor-section-height-default\" data-id=\"c665697\" data-element_type=\"section\" data-e-type=\"section\" data-settings=\"{&quot;stretch_section&quot;:&quot;section-stretched&quot;}\">\n\t\t\t\t\t\t<div class=\"elementor-container elementor-column-gap-default\">\n\t\t\t\t\t<div class=\"elementor-column elementor-col-100 elementor-top-column elementor-element elementor-element-992ca82\" data-id=\"992ca82\" data-element_type=\"column\" data-e-type=\"column\">\n\t\t\t<div class=\"elementor-widget-wrap elementor-element-populated\">\n\t\t\t\t\t\t<div class=\"elementor-element elementor-element-f815b96 elementor-widget__width-inherit elementor-widget elementor-widget-image\" data-id=\"f815b96\" data-element_type=\"widget\" data-e-type=\"widget\" data-widget_type=\"image.default\">\n\t\t\t\t\t\t\t\t\t\t\t\t\t\t\t<img fetchpriority=\"high\" decoding=\"async\" width=\"1920\" height=\"1280\" src=\"https:\/\/exactgeomark.ee\/wp-content\/uploads\/2023\/08\/Exact_Design-Engineering_01.jpg\" class=\"attachment-2048x2048 size-2048x2048 wp-image-142\" alt=\"\" srcset=\"https:\/\/exactgeomark.ee\/wp-content\/uploads\/2023\/08\/Exact_Design-Engineering_01.jpg 1920w, https:\/\/exactgeomark.ee\/wp-content\/uploads\/2023\/08\/Exact_Design-Engineering_01-300x200.jpg 300w, https:\/\/exactgeomark.ee\/wp-content\/uploads\/2023\/08\/Exact_Design-Engineering_01-1024x683.jpg 1024w, https:\/\/exactgeomark.ee\/wp-content\/uploads\/2023\/08\/Exact_Design-Engineering_01-768x512.jpg 768w, https:\/\/exactgeomark.ee\/wp-content\/uploads\/2023\/08\/Exact_Design-Engineering_01-1536x1024.jpg 1536w\" sizes=\"(max-width: 1920px) 100vw, 1920px\" \/>\t\t\t\t\t\t\t\t\t\t\t\t\t\t\t<\/div>\n\t\t\t\t\t<\/div>\n\t\t<\/div>\n\t\t\t\t\t<\/div>\n\t\t<\/section>\n\t\t\t\t<section class=\"elementor-section elementor-top-section elementor-element elementor-element-7d96ed7 elementor-section-boxed elementor-section-height-default elementor-section-height-default\" data-id=\"7d96ed7\" data-element_type=\"section\" data-e-type=\"section\">\n\t\t\t\t\t\t<div class=\"elementor-container elementor-column-gap-default\">\n\t\t\t\t\t<div class=\"elementor-column elementor-col-100 elementor-top-column elementor-element elementor-element-bd206bc\" data-id=\"bd206bc\" data-element_type=\"column\" data-e-type=\"column\">\n\t\t\t<div class=\"elementor-widget-wrap elementor-element-populated\">\n\t\t\t\t\t\t<div class=\"elementor-element elementor-element-b6fd73a elementor-widget elementor-widget-heading\" data-id=\"b6fd73a\" data-element_type=\"widget\" data-e-type=\"widget\" data-widget_type=\"heading.default\">\n\t\t\t\t\t<h1 class=\"elementor-heading-title elementor-size-large\">PASSION FOR PRECISION<\/h1>\t\t\t\t<\/div>\n\t\t\t\t\t<\/div>\n\t\t<\/div>\n\t\t\t\t\t<\/div>\n\t\t<\/section>\n\t\t\t\t<section class=\"elementor-section elementor-top-section elementor-element elementor-element-c27d401 elementor-section-boxed elementor-section-height-default elementor-section-height-default\" data-id=\"c27d401\" data-element_type=\"section\" data-e-type=\"section\">\n\t\t\t\t\t\t\t<div class=\"elementor-background-overlay\"><\/div>\n\t\t\t\t\t\t\t<div class=\"elementor-container elementor-column-gap-default\">\n\t\t\t\t\t<div class=\"elementor-column elementor-col-50 elementor-top-column elementor-element elementor-element-f1d6698\" data-id=\"f1d6698\" data-element_type=\"column\" data-e-type=\"column\" data-settings=\"{&quot;background_background&quot;:&quot;classic&quot;}\">\n\t\t\t<div class=\"elementor-widget-wrap elementor-element-populated\">\n\t\t\t\t\t\t<div class=\"elementor-element elementor-element-c535dc7 elementor-widget__width-initial elementor-widget elementor-widget-text-editor\" data-id=\"c535dc7\" data-element_type=\"widget\" data-e-type=\"widget\" data-widget_type=\"text-editor.default\">\n\t\t\t\t\t\t\t\t\t<p><strong>EXACT is a European-wide provider of comprehensive and high-quality surveying services. We specialize in collecting accurate data for developers, builders, designers and architects. We are also the partner you need if you want to derive as much information as possible from the collected data and use it intelligently.<\/strong><\/p><p><span style=\"font-style: inherit; font-weight: inherit; background-color: var(--ast-global-color-4); color: var(--ast-global-color-3);\">EXACT specialists work hard to achieve a leading position in surveying. But we also develop our own ideas - and those of others - and turn them into reality. We help our clients realize their dreams so that a point on the map becomes a successful building. We do our job well because we know the specifics of the job, understand the design process, and know exactly what you need to overcome the obstacles between your vision and reality.<\/span><\/p><p>Welcome to EXACT. Passion for precision.<\/p>\t\t\t\t\t\t\t\t<\/div>\n\t\t\t\t\t<\/div>\n\t\t<\/div>\n\t\t\t\t<div class=\"elementor-column elementor-col-50 elementor-top-column elementor-element elementor-element-66f6f8c\" data-id=\"66f6f8c\" data-element_type=\"column\" data-e-type=\"column\">\n\t\t\t<div class=\"elementor-widget-wrap elementor-element-populated\">\n\t\t\t\t\t\t<div class=\"elementor-element elementor-element-f237a7f elementor-widget elementor-widget-text-editor\" data-id=\"f237a7f\" data-element_type=\"widget\" data-e-type=\"widget\" data-widget_type=\"text-editor.default\">\n\t\t\t\t\t\t\t\t\t<h5 style=\"text-align: center;\">CONTACT OUR LOCAL OFFICE<\/h5><h1 style=\"text-align: center;\"><strong>+372 667 1751<\/strong><\/h1><h5 style=\"text-align: center;\">OR MEET OUR <span style=\"color: #ff0000;\"><a style=\"color: #ff0000;\" href=\"https:\/\/exactgeomark.ee\/eng\/meeskond\/\">TEAM<\/a><\/span><\/h5>\t\t\t\t\t\t\t\t<\/div>\n\t\t\t\t\t<\/div>\n\t\t<\/div>\n\t\t\t\t\t<\/div>\n\t\t<\/section>\n\t\t\t\t<\/div>","protected":false},"excerpt":{"rendered":"<p>T\u00c4PSUS ON MEIE KIRG EXACT on \u00fcle Euroopa tegutsev terviklike ja k\u00f5rgkvaliteetsete m\u00f5\u00f5distamistega seotud teenuste pakkuja. Oleme spetsialiseerunud arendajatele, ehitajatele, projekteerijatele ja arhitektidele vajalike t\u00e4ppisandmete kogumisele. Oleme teile vajalikuks partneriks ka siis, kui soovite kogutud andmetest v\u00f5imalikult palju teavet tuletada ja seda arukalt \u00e4ra kasutada. EXACT\u2019i spetsialistid n\u00e4evad k\u00f5vasti vaeva m\u00f5\u00f5distuste alal juhtiva positsiooni saavutamiseks.\u00a0 [&hellip;]<\/p>\n","protected":false},"author":1,"featured_media":0,"parent":0,"menu_order":0,"comment_status":"closed","ping_status":"closed","template":"","meta":{"site-sidebar-layout":"default","site-content-layout":"","ast-site-content-layout":"default","site-content-style":"default","site-sidebar-style":"default","ast-global-header-display":"","ast-banner-title-visibility":"","ast-main-header-display":"","ast-hfb-above-header-display":"","ast-hfb-below-header-display":"","ast-hfb-mobile-header-display":"","site-post-title":"disabled","ast-breadcrumbs-content":"","ast-featured-img":"","footer-sml-layout":"","ast-disable-related-posts":"","theme-transparent-header-meta":"","adv-header-id-meta":"","stick-header-meta":"","header-above-stick-meta":"","header-main-stick-meta":"","header-below-stick-meta":"","astra-migrate-meta-layouts":"","ast-page-background-enabled":"default","ast-page-background-meta":{"desktop":{"background-color":"var(--ast-global-color-4)","background-image":"","background-repeat":"repeat","background-position":"center center","background-size":"auto","background-attachment":"scroll","background-type":"","background-media":"","overlay-type":"","overlay-color":"","overlay-opacity":"","overlay-gradient":""},"tablet":{"background-color":"","background-image":"","background-repeat":"repeat","background-position":"center center","background-size":"auto","background-attachment":"scroll","background-type":"","background-media":"","overlay-type":"","overlay-color":"","overlay-opacity":"","overlay-gradient":""},"mobile":{"background-color":"","background-image":"","background-repeat":"repeat","background-position":"center center","background-size":"auto","background-attachment":"scroll","background-type":"","background-media":"","overlay-type":"","overlay-color":"","overlay-opacity":"","overlay-gradient":""}},"ast-content-background-meta":{"desktop":{"background-color":"var(--ast-global-color-5)","background-image":"","background-repeat":"repeat","background-position":"center center","background-size":"auto","background-attachment":"scroll","background-type":"","background-media":"","overlay-type":"","overlay-color":"","overlay-opacity":"","overlay-gradient":""},"tablet":{"background-color":"var(--ast-global-color-5)","background-image":"","background-repeat":"repeat","background-position":"center center","background-size":"auto","background-attachment":"scroll","background-type":"","background-media":"","overlay-type":"","overlay-color":"","overlay-opacity":"","overlay-gradient":""},"mobile":{"background-color":"var(--ast-global-color-5)","background-image":"","background-repeat":"repeat","background-position":"center center","background-size":"auto","background-attachment":"scroll","background-type":"","background-media":"","overlay-type":"","overlay-color":"","overlay-opacity":"","overlay-gradient":""}},"footnotes":""},"class_list":["post-131","page","type-page","status-publish","hentry"],"_links":{"self":[{"href":"https:\/\/exactgeomark.ee\/eng\/wp-json\/wp\/v2\/pages\/131","targetHints":{"allow":["GET"]}}],"collection":[{"href":"https:\/\/exactgeomark.ee\/eng\/wp-json\/wp\/v2\/pages"}],"about":[{"href":"https:\/\/exactgeomark.ee\/eng\/wp-json\/wp\/v2\/types\/page"}],"author":[{"embeddable":true,"href":"https:\/\/exactgeomark.ee\/eng\/wp-json\/wp\/v2\/users\/1"}],"replies":[{"embeddable":true,"href":"https:\/\/exactgeomark.ee\/eng\/wp-json\/wp\/v2\/comments?post=131"}],"version-history":[{"count":109,"href":"https:\/\/exactgeomark.ee\/eng\/wp-json\/wp\/v2\/pages\/131\/revisions"}],"predecessor-version":[{"id":593,"href":"https:\/\/exactgeomark.ee\/eng\/wp-json\/wp\/v2\/pages\/131\/revisions\/593"}],"wp:attachment":[{"href":"https:\/\/exactgeomark.ee\/eng\/wp-json\/wp\/v2\/media?parent=131"}],"curies":[{"name":"wp","href":"https:\/\/api.w.org\/{rel}","templated":true}]}}