{"id":548,"date":"2023-11-29T09:24:55","date_gmt":"2023-11-29T07:24:55","guid":{"rendered":"https:\/\/exactgeomark.ee\/?page_id=548"},"modified":"2023-11-29T09:26:22","modified_gmt":"2023-11-29T07:26:22","slug":"redi-kalasatama-piirkonnas","status":"publish","type":"page","link":"https:\/\/exactgeomark.ee\/eng\/projektid\/redi-kalasatama-piirkonnas\/","title":{"rendered":"REDI Kalasatama Area"},"content":{"rendered":"<div data-elementor-type=\"wp-page\" data-elementor-id=\"548\" class=\"elementor elementor-548\">\n\t\t\t\t\t\t<section class=\"elementor-section elementor-top-section elementor-element elementor-element-1e9ea47 elementor-section-full_width elementor-section-height-default elementor-section-height-default\" data-id=\"1e9ea47\" data-element_type=\"section\" data-e-type=\"section\">\n\t\t\t\t\t\t<div class=\"elementor-container elementor-column-gap-default\">\n\t\t\t\t\t<div class=\"elementor-column elementor-col-100 elementor-top-column elementor-element elementor-element-ec44e70\" data-id=\"ec44e70\" data-element_type=\"column\" data-e-type=\"column\">\n\t\t\t<div class=\"elementor-widget-wrap elementor-element-populated\">\n\t\t\t\t\t\t<div class=\"elementor-element elementor-element-69c6ef3 elementor-widget__width-inherit elementor-widget elementor-widget-image\" data-id=\"69c6ef3\" data-element_type=\"widget\" data-e-type=\"widget\" data-widget_type=\"image.default\">\n\t\t\t\t\t\t\t\t\t\t\t\t\t\t\t<img fetchpriority=\"high\" decoding=\"async\" width=\"1920\" height=\"668\" src=\"https:\/\/exactgeomark.ee\/wp-content\/uploads\/2023\/08\/Exact_Topography_01-e1693487918146.jpg\" class=\"attachment-2048x2048 size-2048x2048 wp-image-104\" alt=\"\" srcset=\"https:\/\/exactgeomark.ee\/wp-content\/uploads\/2023\/08\/Exact_Topography_01-e1693487918146.jpg 1920w, https:\/\/exactgeomark.ee\/wp-content\/uploads\/2023\/08\/Exact_Topography_01-e1693487918146-300x104.jpg 300w, https:\/\/exactgeomark.ee\/wp-content\/uploads\/2023\/08\/Exact_Topography_01-e1693487918146-1024x356.jpg 1024w, https:\/\/exactgeomark.ee\/wp-content\/uploads\/2023\/08\/Exact_Topography_01-e1693487918146-768x267.jpg 768w, https:\/\/exactgeomark.ee\/wp-content\/uploads\/2023\/08\/Exact_Topography_01-e1693487918146-1536x534.jpg 1536w\" sizes=\"(max-width: 1920px) 100vw, 1920px\" \/>\t\t\t\t\t\t\t\t\t\t\t\t\t\t\t<\/div>\n\t\t\t\t\t<\/div>\n\t\t<\/div>\n\t\t\t\t\t<\/div>\n\t\t<\/section>\n\t\t\t\t<section class=\"elementor-section elementor-top-section elementor-element elementor-element-8c02e5f elementor-section-boxed elementor-section-height-default elementor-section-height-default\" data-id=\"8c02e5f\" data-element_type=\"section\" data-e-type=\"section\">\n\t\t\t\t\t\t<div class=\"elementor-container elementor-column-gap-default\">\n\t\t\t\t\t<div class=\"elementor-column elementor-col-100 elementor-top-column elementor-element elementor-element-1a34a71\" data-id=\"1a34a71\" data-element_type=\"column\" data-e-type=\"column\">\n\t\t\t<div class=\"elementor-widget-wrap elementor-element-populated\">\n\t\t\t\t\t\t<div class=\"elementor-element elementor-element-24cf196 elementor-widget elementor-widget-heading\" data-id=\"24cf196\" data-element_type=\"widget\" data-e-type=\"widget\" data-widget_type=\"heading.default\">\n\t\t\t\t\t<h2 class=\"elementor-heading-title elementor-size-default\">PROJECTS \/ REDI Kalasatama Area<\/h2>\t\t\t\t<\/div>\n\t\t\t\t\t<\/div>\n\t\t<\/div>\n\t\t\t\t\t<\/div>\n\t\t<\/section>\n\t\t\t\t<section class=\"elementor-section elementor-top-section elementor-element elementor-element-8144097 elementor-section-boxed elementor-section-height-default elementor-section-height-default\" data-id=\"8144097\" data-element_type=\"section\" data-e-type=\"section\">\n\t\t\t\t\t\t<div class=\"elementor-container elementor-column-gap-default\">\n\t\t\t\t\t<div class=\"elementor-column elementor-col-100 elementor-top-column elementor-element elementor-element-c079988\" data-id=\"c079988\" data-element_type=\"column\" data-e-type=\"column\">\n\t\t\t<div class=\"elementor-widget-wrap elementor-element-populated\">\n\t\t\t\t\t\t<div class=\"elementor-element elementor-element-b36eebe elementor-widget-divider--separator-type-pattern elementor-widget-divider--view-line elementor-widget elementor-widget-divider\" data-id=\"b36eebe\" data-element_type=\"widget\" data-e-type=\"widget\" data-widget_type=\"divider.default\">\n\t\t\t\t\t\t\t<div class=\"elementor-divider\" style=\"--divider-pattern-url: url(&quot;data:image\/svg+xml,%3Csvg xmlns=&#039;http:\/\/www.w3.org\/2000\/svg&#039; preserveAspectRatio=&#039;none&#039; overflow=&#039;visible&#039; height=&#039;100%&#039; viewBox=&#039;0 0 20 16&#039; fill=&#039;none&#039; stroke=&#039;black&#039; stroke-width=&#039;1&#039; stroke-linecap=&#039;square&#039; stroke-miterlimit=&#039;10&#039;%3E%3Cg transform=&#039;translate(-12.000000, 0)&#039;%3E%3Cpath d=&#039;M28,0L10,18&#039;\/%3E%3Cpath d=&#039;M18,0L0,18&#039;\/%3E%3Cpath d=&#039;M48,0L30,18&#039;\/%3E%3Cpath d=&#039;M38,0L20,18&#039;\/%3E%3C\/g%3E%3C\/svg%3E&quot;);\">\n\t\t\t<span class=\"elementor-divider-separator\">\n\t\t\t\t\t\t<\/span>\n\t\t<\/div>\n\t\t\t\t\t\t<\/div>\n\t\t\t\t\t<\/div>\n\t\t<\/div>\n\t\t\t\t\t<\/div>\n\t\t<\/section>\n\t\t\t\t<section class=\"elementor-section elementor-top-section elementor-element elementor-element-3120ac1 elementor-section-boxed elementor-section-height-default elementor-section-height-default\" data-id=\"3120ac1\" data-element_type=\"section\" data-e-type=\"section\">\n\t\t\t\t\t\t<div class=\"elementor-container elementor-column-gap-default\">\n\t\t\t\t\t<div class=\"elementor-column elementor-col-50 elementor-top-column elementor-element elementor-element-ed24d7f\" data-id=\"ed24d7f\" data-element_type=\"column\" data-e-type=\"column\">\n\t\t\t<div class=\"elementor-widget-wrap elementor-element-populated\">\n\t\t\t\t\t\t<div class=\"elementor-element elementor-element-675d29c elementor-widget elementor-widget-text-editor\" data-id=\"675d29c\" data-element_type=\"widget\" data-e-type=\"widget\" data-widget_type=\"text-editor.default\">\n\t\t\t\t\t\t\t\t\t<div class=\"col-xs-12 col-md-8\"><h1>REDI Kalasatama Area<\/h1><\/div><div class=\"clearfix\"><strong>In this decade, Helsinki's skyline will take on a new shape. REDI is rising in the middle of Kalasatama, with an estimated population of 20,000. Towers over a hundred meters high, green areas, a wide range of services. REDI combines the best aspects of city life with comfort and leisure options.<\/strong><\/div><div class=\"clearfix\"><strong style=\"font-style: inherit; background-color: var(--ast-global-color-5); color: var(--ast-global-color-3);\">\u00a0<\/strong><\/div><div class=\"col-xs-12 col-md-8\"><p>The REDI project developed by SRV in Helsinki's Kalasatama begins with the construction of a shopping center. The shopping center and parking lot are planned to open in the fall of 2018. A contract has been signed with EXACT for infrastructure works.<\/p><p>\u00a0<\/p><\/div>\t\t\t\t\t\t\t\t<\/div>\n\t\t\t\t\t<\/div>\n\t\t<\/div>\n\t\t\t\t<div class=\"elementor-column elementor-col-50 elementor-top-column elementor-element elementor-element-94e4a0d\" data-id=\"94e4a0d\" data-element_type=\"column\" data-e-type=\"column\">\n\t\t\t<div class=\"elementor-widget-wrap elementor-element-populated\">\n\t\t\t\t\t\t<div class=\"elementor-element elementor-element-69fdeeb elementor-widget elementor-widget-image\" data-id=\"69fdeeb\" data-element_type=\"widget\" data-e-type=\"widget\" data-widget_type=\"image.default\">\n\t\t\t\t\t\t\t\t\t\t\t\t\t\t\t<img decoding=\"async\" width=\"455\" height=\"299\" src=\"https:\/\/exactgeomark.ee\/wp-content\/uploads\/2023\/09\/redi.jpg\" class=\"attachment-large size-large wp-image-447\" alt=\"\" srcset=\"https:\/\/exactgeomark.ee\/wp-content\/uploads\/2023\/09\/redi.jpg 455w, https:\/\/exactgeomark.ee\/wp-content\/uploads\/2023\/09\/redi-300x197.jpg 300w\" sizes=\"(max-width: 455px) 100vw, 455px\" \/>\t\t\t\t\t\t\t\t\t\t\t\t\t\t\t<\/div>\n\t\t\t\t\t<\/div>\n\t\t<\/div>\n\t\t\t\t\t<\/div>\n\t\t<\/section>\n\t\t\t\t<\/div>","protected":false},"excerpt":{"rendered":"<p>PROJEKTID \/ REDI Kalasatama piirkonnas REDI Kalasatama piirkonnas K\u00e4esoleval k\u00fcmnendil saab Helsingi siluett uue kuju. Kalasatama keskele kerkib REDI, mille prognoositav elanike arv saab olema 20 000. \u00dcle saja meetri k\u00f5rgused tornid, haljasalad, lai teenustevalik. REDI-s on \u00fchendatud linnaelu parimad k\u00fcljed mugavuse ja vaba aja veetmise v\u00f5imalustega.\u00a0 SRV poolt v\u00e4lja t\u00f6\u00f6tatud REDI projekt Helsingi Kalasatamas [&hellip;]<\/p>\n","protected":false},"author":1,"featured_media":0,"parent":72,"menu_order":0,"comment_status":"closed","ping_status":"closed","template":"","meta":{"site-sidebar-layout":"no-sidebar","site-content-layout":"","ast-site-content-layout":"full-width-container","site-content-style":"default","site-sidebar-style":"default","ast-global-header-display":"","ast-banner-title-visibility":"","ast-main-header-display":"","ast-hfb-above-header-display":"","ast-hfb-below-header-display":"","ast-hfb-mobile-header-display":"","site-post-title":"disabled","ast-breadcrumbs-content":"","ast-featured-img":"disabled","footer-sml-layout":"","ast-disable-related-posts":"","theme-transparent-header-meta":"","adv-header-id-meta":"","stick-header-meta":"","header-above-stick-meta":"","header-main-stick-meta":"","header-below-stick-meta":"","astra-migrate-meta-layouts":"default","ast-page-background-enabled":"default","ast-page-background-meta":{"desktop":{"background-color":"var(--ast-global-color-4)","background-image":"","background-repeat":"repeat","background-position":"center center","background-size":"auto","background-attachment":"scroll","background-type":"","background-media":"","overlay-type":"","overlay-color":"","overlay-opacity":"","overlay-gradient":""},"tablet":{"background-color":"","background-image":"","background-repeat":"repeat","background-position":"center center","background-size":"auto","background-attachment":"scroll","background-type":"","background-media":"","overlay-type":"","overlay-color":"","overlay-opacity":"","overlay-gradient":""},"mobile":{"background-color":"","background-image":"","background-repeat":"repeat","background-position":"center center","background-size":"auto","background-attachment":"scroll","background-type":"","background-media":"","overlay-type":"","overlay-color":"","overlay-opacity":"","overlay-gradient":""}},"ast-content-background-meta":{"desktop":{"background-color":"var(--ast-global-color-5)","background-image":"","background-repeat":"repeat","background-position":"center center","background-size":"auto","background-attachment":"scroll","background-type":"","background-media":"","overlay-type":"","overlay-color":"","overlay-opacity":"","overlay-gradient":""},"tablet":{"background-color":"var(--ast-global-color-5)","background-image":"","background-repeat":"repeat","background-position":"center center","background-size":"auto","background-attachment":"scroll","background-type":"","background-media":"","overlay-type":"","overlay-color":"","overlay-opacity":"","overlay-gradient":""},"mobile":{"background-color":"var(--ast-global-color-5)","background-image":"","background-repeat":"repeat","background-position":"center center","background-size":"auto","background-attachment":"scroll","background-type":"","background-media":"","overlay-type":"","overlay-color":"","overlay-opacity":"","overlay-gradient":""}},"footnotes":""},"class_list":["post-548","page","type-page","status-publish","hentry"],"_links":{"self":[{"href":"https:\/\/exactgeomark.ee\/eng\/wp-json\/wp\/v2\/pages\/548","targetHints":{"allow":["GET"]}}],"collection":[{"href":"https:\/\/exactgeomark.ee\/eng\/wp-json\/wp\/v2\/pages"}],"about":[{"href":"https:\/\/exactgeomark.ee\/eng\/wp-json\/wp\/v2\/types\/page"}],"author":[{"embeddable":true,"href":"https:\/\/exactgeomark.ee\/eng\/wp-json\/wp\/v2\/users\/1"}],"replies":[{"embeddable":true,"href":"https:\/\/exactgeomark.ee\/eng\/wp-json\/wp\/v2\/comments?post=548"}],"version-history":[{"count":4,"href":"https:\/\/exactgeomark.ee\/eng\/wp-json\/wp\/v2\/pages\/548\/revisions"}],"predecessor-version":[{"id":552,"href":"https:\/\/exactgeomark.ee\/eng\/wp-json\/wp\/v2\/pages\/548\/revisions\/552"}],"up":[{"embeddable":true,"href":"https:\/\/exactgeomark.ee\/eng\/wp-json\/wp\/v2\/pages\/72"}],"wp:attachment":[{"href":"https:\/\/exactgeomark.ee\/eng\/wp-json\/wp\/v2\/media?parent=548"}],"curies":[{"name":"wp","href":"https:\/\/api.w.org\/{rel}","templated":true}]}}