{"id":82,"date":"2023-08-31T11:19:16","date_gmt":"2023-08-31T09:19:16","guid":{"rendered":"https:\/\/exactgeomark.ee\/?page_id=82"},"modified":"2023-09-24T17:01:17","modified_gmt":"2023-09-24T15:01:17","slug":"teenused","status":"publish","type":"page","link":"https:\/\/exactgeomark.ee\/eng\/teenused\/","title":{"rendered":"Services"},"content":{"rendered":"<div data-elementor-type=\"wp-page\" data-elementor-id=\"82\" class=\"elementor elementor-82\">\n\t\t\t\t\t\t<section class=\"elementor-section elementor-top-section elementor-element elementor-element-18020ba elementor-section-full_width elementor-section-height-default elementor-section-height-default\" data-id=\"18020ba\" data-element_type=\"section\" data-e-type=\"section\">\n\t\t\t\t\t\t<div class=\"elementor-container elementor-column-gap-default\">\n\t\t\t\t\t<div class=\"elementor-column elementor-col-100 elementor-top-column elementor-element elementor-element-ecb8726\" data-id=\"ecb8726\" data-element_type=\"column\" data-e-type=\"column\">\n\t\t\t<div class=\"elementor-widget-wrap elementor-element-populated\">\n\t\t\t\t\t\t<div class=\"elementor-element elementor-element-ffdadc6 elementor-widget__width-inherit elementor-widget elementor-widget-image\" data-id=\"ffdadc6\" data-element_type=\"widget\" data-e-type=\"widget\" data-widget_type=\"image.default\">\n\t\t\t\t\t\t\t\t\t\t\t\t\t\t\t<img fetchpriority=\"high\" decoding=\"async\" width=\"1920\" height=\"668\" src=\"https:\/\/exactgeomark.ee\/wp-content\/uploads\/2023\/08\/Exact_Topography_01-e1693487918146.jpg\" class=\"attachment-2048x2048 size-2048x2048 wp-image-104\" alt=\"\" srcset=\"https:\/\/exactgeomark.ee\/wp-content\/uploads\/2023\/08\/Exact_Topography_01-e1693487918146.jpg 1920w, https:\/\/exactgeomark.ee\/wp-content\/uploads\/2023\/08\/Exact_Topography_01-e1693487918146-300x104.jpg 300w, https:\/\/exactgeomark.ee\/wp-content\/uploads\/2023\/08\/Exact_Topography_01-e1693487918146-1024x356.jpg 1024w, https:\/\/exactgeomark.ee\/wp-content\/uploads\/2023\/08\/Exact_Topography_01-e1693487918146-768x267.jpg 768w, https:\/\/exactgeomark.ee\/wp-content\/uploads\/2023\/08\/Exact_Topography_01-e1693487918146-1536x534.jpg 1536w\" sizes=\"(max-width: 1920px) 100vw, 1920px\" \/>\t\t\t\t\t\t\t\t\t\t\t\t\t\t\t<\/div>\n\t\t\t\t\t<\/div>\n\t\t<\/div>\n\t\t\t\t\t<\/div>\n\t\t<\/section>\n\t\t\t\t<section class=\"elementor-section elementor-top-section elementor-element elementor-element-4892903 elementor-section-boxed elementor-section-height-default elementor-section-height-default\" data-id=\"4892903\" data-element_type=\"section\" data-e-type=\"section\">\n\t\t\t\t\t\t<div class=\"elementor-container elementor-column-gap-default\">\n\t\t\t\t\t<div class=\"elementor-column elementor-col-100 elementor-top-column elementor-element elementor-element-40f242d\" data-id=\"40f242d\" data-element_type=\"column\" data-e-type=\"column\">\n\t\t\t<div class=\"elementor-widget-wrap elementor-element-populated\">\n\t\t\t\t\t\t<div class=\"elementor-element elementor-element-6b737c0 elementor-widget elementor-widget-heading\" data-id=\"6b737c0\" data-element_type=\"widget\" data-e-type=\"widget\" data-widget_type=\"heading.default\">\n\t\t\t\t\t<h2 class=\"elementor-heading-title elementor-size-default\">SERVICES<\/h2>\t\t\t\t<\/div>\n\t\t\t\t\t<\/div>\n\t\t<\/div>\n\t\t\t\t\t<\/div>\n\t\t<\/section>\n\t\t\t\t<section class=\"elementor-section elementor-top-section elementor-element elementor-element-80b8b3f elementor-section-boxed elementor-section-height-default elementor-section-height-default\" data-id=\"80b8b3f\" data-element_type=\"section\" data-e-type=\"section\">\n\t\t\t\t\t\t<div class=\"elementor-container elementor-column-gap-default\">\n\t\t\t\t\t<div class=\"elementor-column elementor-col-100 elementor-top-column elementor-element elementor-element-aa2a492\" data-id=\"aa2a492\" data-element_type=\"column\" data-e-type=\"column\">\n\t\t\t<div class=\"elementor-widget-wrap elementor-element-populated\">\n\t\t\t\t\t\t<div class=\"elementor-element elementor-element-4cb8c6e elementor-widget elementor-widget-text-editor\" data-id=\"4cb8c6e\" data-element_type=\"widget\" data-e-type=\"widget\" data-widget_type=\"text-editor.default\">\n\t\t\t\t\t\t\t\t\t<p><strong>We deal with the surveying of all types of complex rooms and large-scale objects such as residential and commercial buildings, factories, indoor environments and facilities. EXACT relies on advanced 3D laser scanning technologies to collect data quickly and accurately, paying attention to every detail. The result of our surveying is a set of valuable measurement data that can be used to obtain derivatives for various purposes. We present and deliver this data in the form of 3D models, 2D drawings or views\/sections, according to your exact requirements.<\/strong><\/p>\t\t\t\t\t\t\t\t<\/div>\n\t\t\t\t\t<\/div>\n\t\t<\/div>\n\t\t\t\t\t<\/div>\n\t\t<\/section>\n\t\t\t\t<section class=\"elementor-section elementor-top-section elementor-element elementor-element-7a92750 elementor-section-boxed elementor-section-height-default elementor-section-height-default\" data-id=\"7a92750\" data-element_type=\"section\" data-e-type=\"section\">\n\t\t\t\t\t\t<div class=\"elementor-container elementor-column-gap-default\">\n\t\t\t\t\t<div class=\"elementor-column elementor-col-100 elementor-top-column elementor-element elementor-element-59afcf4\" data-id=\"59afcf4\" data-element_type=\"column\" data-e-type=\"column\">\n\t\t\t<div class=\"elementor-widget-wrap elementor-element-populated\">\n\t\t\t\t\t\t<div class=\"elementor-element elementor-element-616aa41 elementor-widget-divider--separator-type-pattern elementor-widget-divider--view-line elementor-widget elementor-widget-divider\" data-id=\"616aa41\" data-element_type=\"widget\" data-e-type=\"widget\" data-widget_type=\"divider.default\">\n\t\t\t\t\t\t\t<div class=\"elementor-divider\" style=\"--divider-pattern-url: url(&quot;data:image\/svg+xml,%3Csvg xmlns=&#039;http:\/\/www.w3.org\/2000\/svg&#039; preserveAspectRatio=&#039;none&#039; overflow=&#039;visible&#039; height=&#039;100%&#039; viewBox=&#039;0 0 20 16&#039; fill=&#039;none&#039; stroke=&#039;black&#039; stroke-width=&#039;1&#039; stroke-linecap=&#039;square&#039; stroke-miterlimit=&#039;10&#039;%3E%3Cg transform=&#039;translate(-12.000000, 0)&#039;%3E%3Cpath d=&#039;M28,0L10,18&#039;\/%3E%3Cpath d=&#039;M18,0L0,18&#039;\/%3E%3Cpath d=&#039;M48,0L30,18&#039;\/%3E%3Cpath d=&#039;M38,0L20,18&#039;\/%3E%3C\/g%3E%3C\/svg%3E&quot;);\">\n\t\t\t<span class=\"elementor-divider-separator\">\n\t\t\t\t\t\t<\/span>\n\t\t<\/div>\n\t\t\t\t\t\t<\/div>\n\t\t\t\t\t<\/div>\n\t\t<\/div>\n\t\t\t\t\t<\/div>\n\t\t<\/section>\n\t\t\t\t<section class=\"elementor-section elementor-top-section elementor-element elementor-element-89ecaee elementor-section-boxed elementor-section-height-default elementor-section-height-default\" data-id=\"89ecaee\" data-element_type=\"section\" data-e-type=\"section\">\n\t\t\t\t\t\t<div class=\"elementor-container elementor-column-gap-default\">\n\t\t\t\t\t<div class=\"elementor-column elementor-col-50 elementor-top-column elementor-element elementor-element-cc88250\" data-id=\"cc88250\" data-element_type=\"column\" data-e-type=\"column\">\n\t\t\t<div class=\"elementor-widget-wrap elementor-element-populated\">\n\t\t\t\t\t\t<div class=\"elementor-element elementor-element-c5c0a37 elementor-widget elementor-widget-text-editor\" data-id=\"c5c0a37\" data-element_type=\"widget\" data-e-type=\"widget\" data-widget_type=\"text-editor.default\">\n\t\t\t\t\t\t\t\t\t<h3>BIM - Building Information Modelling<\/h3><p>We provide Building Information Modeling (BIM) data to support you in making smart decisions about your buildings. EXACT uses <strong>3D laser scanning<\/strong> technology to create accurate digital models that help your architects, engineers and designers visualize form and function so they can estimate costs and proactively make necessary changes. Make smart decisions early in the process to avoid costly mistakes and ensure a well-built, profitable and energy-efficient building.<\/p>\t\t\t\t\t\t\t\t<\/div>\n\t\t\t\t\t<\/div>\n\t\t<\/div>\n\t\t\t\t<div class=\"elementor-column elementor-col-50 elementor-top-column elementor-element elementor-element-9ad4b90\" data-id=\"9ad4b90\" data-element_type=\"column\" data-e-type=\"column\">\n\t\t\t<div class=\"elementor-widget-wrap elementor-element-populated\">\n\t\t\t\t\t\t<div class=\"elementor-element elementor-element-63ab2c7 elementor-widget elementor-widget-text-editor\" data-id=\"63ab2c7\" data-element_type=\"widget\" data-e-type=\"widget\" data-widget_type=\"text-editor.default\">\n\t\t\t\t\t\t\t\t\t<h3>Implementation documentation<\/h3><p>Design, reconstruction and other construction and administrative projects require accurate, complete and timely documentation for later operation and maintenance. EXACT creates CAD inventory drawings of your buildings to document the dimensions and location of all system parts. We follow your needs and requirements in terms of documentation. Inventory drawings can be created after complete surveying or after partial surveying if you just want to supplement your existing drawings.<\/p>\t\t\t\t\t\t\t\t<\/div>\n\t\t\t\t\t<\/div>\n\t\t<\/div>\n\t\t\t\t\t<\/div>\n\t\t<\/section>\n\t\t\t\t<section class=\"elementor-section elementor-top-section elementor-element elementor-element-39d08f3 elementor-section-boxed elementor-section-height-default elementor-section-height-default\" data-id=\"39d08f3\" data-element_type=\"section\" data-e-type=\"section\">\n\t\t\t\t\t\t<div class=\"elementor-container elementor-column-gap-default\">\n\t\t\t\t\t<div class=\"elementor-column elementor-col-100 elementor-top-column elementor-element elementor-element-364eb16\" data-id=\"364eb16\" data-element_type=\"column\" data-e-type=\"column\">\n\t\t\t<div class=\"elementor-widget-wrap elementor-element-populated\">\n\t\t\t\t\t\t<div class=\"elementor-element elementor-element-4534639 elementor-widget-divider--view-line elementor-widget elementor-widget-divider\" data-id=\"4534639\" data-element_type=\"widget\" data-e-type=\"widget\" data-widget_type=\"divider.default\">\n\t\t\t\t\t\t\t<div class=\"elementor-divider\">\n\t\t\t<span class=\"elementor-divider-separator\">\n\t\t\t\t\t\t<\/span>\n\t\t<\/div>\n\t\t\t\t\t\t<\/div>\n\t\t\t\t\t<\/div>\n\t\t<\/div>\n\t\t\t\t\t<\/div>\n\t\t<\/section>\n\t\t\t\t<section class=\"elementor-section elementor-top-section elementor-element elementor-element-8236cb1 elementor-section-boxed elementor-section-height-default elementor-section-height-default\" data-id=\"8236cb1\" data-element_type=\"section\" data-e-type=\"section\">\n\t\t\t\t\t\t<div class=\"elementor-container elementor-column-gap-default\">\n\t\t\t\t\t<div class=\"elementor-column elementor-col-33 elementor-top-column elementor-element elementor-element-430b21e\" data-id=\"430b21e\" data-element_type=\"column\" data-e-type=\"column\">\n\t\t\t<div class=\"elementor-widget-wrap elementor-element-populated\">\n\t\t\t\t\t\t<div class=\"elementor-element elementor-element-e73de06 elementor-widget elementor-widget-text-editor\" data-id=\"e73de06\" data-element_type=\"widget\" data-e-type=\"widget\" data-widget_type=\"text-editor.default\">\n\t\t\t\t\t\t\t\t\t<h3>One-Button Scanning \u2013 OBS<\/h3><p>EXACT's one-touch scanning solution (<em>One-Button Scanning\u00a0<\/em>or OBS) enables extremely fast and accurate 3D data collection and point cloud post-processing at the push of a button. Ideal for open pit mining and other earthmoving projects, OBS can be used to safely and efficiently collect 3D survey data on any structure or structure. Rapid point cloud post-processing focuses on data registration, digital terrain model generation, volume calculations and 3D project geometry\/conformity checking. The use of OBS requires no training and can be implemented directly on site.<\/p>\t\t\t\t\t\t\t\t<\/div>\n\t\t\t\t\t<\/div>\n\t\t<\/div>\n\t\t\t\t<div class=\"elementor-column elementor-col-33 elementor-top-column elementor-element elementor-element-0dedc8d\" data-id=\"0dedc8d\" data-element_type=\"column\" data-e-type=\"column\">\n\t\t\t<div class=\"elementor-widget-wrap elementor-element-populated\">\n\t\t\t\t\t\t<div class=\"elementor-element elementor-element-826fe20 elementor-widget elementor-widget-text-editor\" data-id=\"826fe20\" data-element_type=\"widget\" data-e-type=\"widget\" data-widget_type=\"text-editor.default\">\n\t\t\t\t\t\t\t\t\t<h3>EXACT\u00a0Street<\/h3><p>EXACT Street is the only surveying technology in its class that ensures road measurement from reference points with an accuracy of 2 mm, which is why this technology is indispensable in modern road construction and repair. Make future road planning and repair easier with accurate and comprehensive data and detailed drawings. Whether it's intercity roads, streets or highways - with EXACT Street you can save both time and money.<\/p><p>With the help of EXACT Street, you can make significant savings in the construction of new roads, extend the intervals of repair work and keep road closures to a minimum. Successful road construction projects rely on EXACT Street technology throughout the project and base it on 3D models. A 3D road project optimized using EXACT Street helps to visualize road IRI parameters, road surface slopes and longitudinal and transverse roughness.<\/p>\t\t\t\t\t\t\t\t<\/div>\n\t\t\t\t\t<\/div>\n\t\t<\/div>\n\t\t\t\t<div class=\"elementor-column elementor-col-33 elementor-top-column elementor-element elementor-element-5d87af3\" data-id=\"5d87af3\" data-element_type=\"column\" data-e-type=\"column\">\n\t\t\t<div class=\"elementor-widget-wrap elementor-element-populated\">\n\t\t\t\t\t\t<div class=\"elementor-element elementor-element-8496231 elementor-widget elementor-widget-text-editor\" data-id=\"8496231\" data-element_type=\"widget\" data-e-type=\"widget\" data-widget_type=\"text-editor.default\">\n\t\t\t\t\t\t\t\t\t<h3>Stop-and-Go\u00a03D laser scanning<\/h3><p>With a surveying truck equipped with an EXACT 3D laser scanner, our employees can survey the ground quickly and collect accurate spatial data. The Surveyor is particularly useful for creating topographic plans, 3D visualization and digital terrain models (DTM). We can measure areas of up to a million square meters per day and measure even the smallest detail with the highest accuracy, based on the latest 3D laser scanning technology.<\/p>\t\t\t\t\t\t\t\t<\/div>\n\t\t\t\t\t<\/div>\n\t\t<\/div>\n\t\t\t\t\t<\/div>\n\t\t<\/section>\n\t\t\t\t<section class=\"elementor-section elementor-top-section elementor-element elementor-element-ff87c6d elementor-section-boxed elementor-section-height-default elementor-section-height-default\" data-id=\"ff87c6d\" data-element_type=\"section\" data-e-type=\"section\">\n\t\t\t\t\t\t<div class=\"elementor-container elementor-column-gap-default\">\n\t\t\t\t\t<div class=\"elementor-column elementor-col-100 elementor-top-column elementor-element elementor-element-4f09680\" data-id=\"4f09680\" data-element_type=\"column\" data-e-type=\"column\">\n\t\t\t<div class=\"elementor-widget-wrap\">\n\t\t\t\t\t\t\t<\/div>\n\t\t<\/div>\n\t\t\t\t\t<\/div>\n\t\t<\/section>\n\t\t\t\t<section class=\"elementor-section elementor-top-section elementor-element elementor-element-df8705f elementor-section-boxed elementor-section-height-default elementor-section-height-default\" data-id=\"df8705f\" data-element_type=\"section\" data-e-type=\"section\">\n\t\t\t\t\t\t<div class=\"elementor-container elementor-column-gap-default\">\n\t\t\t\t\t<div class=\"elementor-column elementor-col-100 elementor-top-column elementor-element elementor-element-b56dee4\" data-id=\"b56dee4\" data-element_type=\"column\" data-e-type=\"column\">\n\t\t\t<div class=\"elementor-widget-wrap elementor-element-populated\">\n\t\t\t\t\t\t<div class=\"elementor-element elementor-element-4e188a7 elementor-widget elementor-widget-spacer\" data-id=\"4e188a7\" data-element_type=\"widget\" data-e-type=\"widget\" data-widget_type=\"spacer.default\">\n\t\t\t\t\t\t\t<div class=\"elementor-spacer\">\n\t\t\t<div class=\"elementor-spacer-inner\"><\/div>\n\t\t<\/div>\n\t\t\t\t\t\t<\/div>\n\t\t\t\t\t<\/div>\n\t\t<\/div>\n\t\t\t\t\t<\/div>\n\t\t<\/section>\n\t\t\t\t<\/div>","protected":false},"excerpt":{"rendered":"<p>TEENUSED Tegeleme igat t\u00fc\u00fcpi komplekssete ruumide ja suurem\u00f5\u00f5tmeliste objektide nagu elu- ja \u00e4rihoonete, tehaste, sisekeskkondade ja rajatiste m\u00f5\u00f5distamisega. EXACT toetub andmete kiireks ja t\u00e4pseks kogumiseks k\u00f5rgetasemelistele 3D laserskaneerimise tehnoloogiatele, p\u00f6\u00f6rates t\u00e4helepanu igale \u00fcksikasjale. Meie m\u00f5\u00f5distamise tulemuseks on v\u00e4\u00e4rtuslike m\u00f5\u00f5teandmete kogum, mida on v\u00f5imalik kasutada erineva otstarbega tuletiste saamiseks. Esitame ja edastame need andmed 3D mudelite, [&hellip;]<\/p>\n","protected":false},"author":1,"featured_media":0,"parent":0,"menu_order":0,"comment_status":"closed","ping_status":"closed","template":"","meta":{"site-sidebar-layout":"no-sidebar","site-content-layout":"","ast-site-content-layout":"full-width-container","site-content-style":"default","site-sidebar-style":"default","ast-global-header-display":"","ast-banner-title-visibility":"","ast-main-header-display":"","ast-hfb-above-header-display":"","ast-hfb-below-header-display":"","ast-hfb-mobile-header-display":"","site-post-title":"disabled","ast-breadcrumbs-content":"","ast-featured-img":"disabled","footer-sml-layout":"","ast-disable-related-posts":"","theme-transparent-header-meta":"","adv-header-id-meta":"","stick-header-meta":"","header-above-stick-meta":"","header-main-stick-meta":"","header-below-stick-meta":"","astra-migrate-meta-layouts":"default","ast-page-background-enabled":"default","ast-page-background-meta":{"desktop":{"background-color":"var(--ast-global-color-4)","background-image":"","background-repeat":"repeat","background-position":"center center","background-size":"auto","background-attachment":"scroll","background-type":"","background-media":"","overlay-type":"","overlay-color":"","overlay-opacity":"","overlay-gradient":""},"tablet":{"background-color":"","background-image":"","background-repeat":"repeat","background-position":"center center","background-size":"auto","background-attachment":"scroll","background-type":"","background-media":"","overlay-type":"","overlay-color":"","overlay-opacity":"","overlay-gradient":""},"mobile":{"background-color":"","background-image":"","background-repeat":"repeat","background-position":"center center","background-size":"auto","background-attachment":"scroll","background-type":"","background-media":"","overlay-type":"","overlay-color":"","overlay-opacity":"","overlay-gradient":""}},"ast-content-background-meta":{"desktop":{"background-color":"var(--ast-global-color-5)","background-image":"","background-repeat":"repeat","background-position":"center center","background-size":"auto","background-attachment":"scroll","background-type":"","background-media":"","overlay-type":"","overlay-color":"","overlay-opacity":"","overlay-gradient":""},"tablet":{"background-color":"var(--ast-global-color-5)","background-image":"","background-repeat":"repeat","background-position":"center center","background-size":"auto","background-attachment":"scroll","background-type":"","background-media":"","overlay-type":"","overlay-color":"","overlay-opacity":"","overlay-gradient":""},"mobile":{"background-color":"var(--ast-global-color-5)","background-image":"","background-repeat":"repeat","background-position":"center center","background-size":"auto","background-attachment":"scroll","background-type":"","background-media":"","overlay-type":"","overlay-color":"","overlay-opacity":"","overlay-gradient":""}},"footnotes":""},"class_list":["post-82","page","type-page","status-publish","hentry"],"_links":{"self":[{"href":"https:\/\/exactgeomark.ee\/eng\/wp-json\/wp\/v2\/pages\/82","targetHints":{"allow":["GET"]}}],"collection":[{"href":"https:\/\/exactgeomark.ee\/eng\/wp-json\/wp\/v2\/pages"}],"about":[{"href":"https:\/\/exactgeomark.ee\/eng\/wp-json\/wp\/v2\/types\/page"}],"author":[{"embeddable":true,"href":"https:\/\/exactgeomark.ee\/eng\/wp-json\/wp\/v2\/users\/1"}],"replies":[{"embeddable":true,"href":"https:\/\/exactgeomark.ee\/eng\/wp-json\/wp\/v2\/comments?post=82"}],"version-history":[{"count":16,"href":"https:\/\/exactgeomark.ee\/eng\/wp-json\/wp\/v2\/pages\/82\/revisions"}],"predecessor-version":[{"id":436,"href":"https:\/\/exactgeomark.ee\/eng\/wp-json\/wp\/v2\/pages\/82\/revisions\/436"}],"wp:attachment":[{"href":"https:\/\/exactgeomark.ee\/eng\/wp-json\/wp\/v2\/media?parent=82"}],"curies":[{"name":"wp","href":"https:\/\/api.w.org\/{rel}","templated":true}]}}